{"id":1253,"date":"2025-09-29T16:16:18","date_gmt":"2025-09-29T19:16:18","guid":{"rendered":"https:\/\/arteanimado.com.uy\/?post_type=product&#038;p=1253"},"modified":"2025-09-29T16:21:30","modified_gmt":"2025-09-29T19:21:30","slug":"taza-magica","status":"publish","type":"product","link":"https:\/\/arteanimado.com.uy\/?product=taza-magica","title":{"rendered":"Taza m\u00e1gica"},"content":{"rendered":"<p>Una vez sublimada, cuando est\u00e1 en fr\u00edo aparenta ser una simple taza negra, pero al verter en su interior \u00a0l\u00edquidos calientes aparecer\u00e1 la foto impresa!<\/p>\n<p>*Sujeto a disponibilidad de stock.<\/p>\n","protected":false},"excerpt":{"rendered":"<p><span class=\"selectable-text copyable-text false\">Este art\u00edculo lo hacemos personalizado, luego de hecha la compra env\u00edanos por whatsapp <\/span><span class=\"selectable-text copyable-text false\">094 966 751<\/span><span class=\"selectable-text copyable-text false\"> las indicaciones para realizar el pedido.<\/span><\/p>\n","protected":false},"featured_media":1255,"template":"","meta":[],"product_brand":[],"product_cat":[20],"product_tag":[],"class_list":{"0":"post-1253","1":"product","2":"type-product","3":"status-publish","4":"has-post-thumbnail","6":"product_cat-tazas","8":"first","9":"instock","10":"taxable","11":"shipping-taxable","12":"purchasable","13":"product-type-simple"},"_links":{"self":[{"href":"https:\/\/arteanimado.com.uy\/index.php?rest_route=\/wp\/v2\/product\/1253","targetHints":{"allow":["GET"]}}],"collection":[{"href":"https:\/\/arteanimado.com.uy\/index.php?rest_route=\/wp\/v2\/product"}],"about":[{"href":"https:\/\/arteanimado.com.uy\/index.php?rest_route=\/wp\/v2\/types\/product"}],"wp:featuredmedia":[{"embeddable":true,"href":"https:\/\/arteanimado.com.uy\/index.php?rest_route=\/wp\/v2\/media\/1255"}],"wp:attachment":[{"href":"https:\/\/arteanimado.com.uy\/index.php?rest_route=%2Fwp%2Fv2%2Fmedia&parent=1253"}],"wp:term":[{"taxonomy":"product_brand","embeddable":true,"href":"https:\/\/arteanimado.com.uy\/index.php?rest_route=%2Fwp%2Fv2%2Fproduct_brand&post=1253"},{"taxonomy":"product_cat","embeddable":true,"href":"https:\/\/arteanimado.com.uy\/index.php?rest_route=%2Fwp%2Fv2%2Fproduct_cat&post=1253"},{"taxonomy":"product_tag","embeddable":true,"href":"https:\/\/arteanimado.com.uy\/index.php?rest_route=%2Fwp%2Fv2%2Fproduct_tag&post=1253"}],"curies":[{"name":"wp","href":"https:\/\/api.w.org\/{rel}","templated":true}]}}