{"id":995,"date":"2025-07-22T17:39:43","date_gmt":"2025-07-22T20:39:43","guid":{"rendered":"https:\/\/arteanimado.com.uy\/?post_type=product&#038;p=995"},"modified":"2025-08-01T00:20:04","modified_gmt":"2025-08-01T03:20:04","slug":"sticker-comunes","status":"publish","type":"product","link":"https:\/\/arteanimado.com.uy\/?product=sticker-comunes","title":{"rendered":"Sticker comunes"},"content":{"rendered":"<p>El precio incluye dise\u00f1os b\u00e1sicos y recorte a elecci\u00f3n del cliente.<br \/>\nNo hay limite de recortes por lo que dependiendo de la medida de cada figura es la cantidad que entren en la hoja.<\/p>\n<p>Cantidades aproximadas seg\u00fan medida:<br \/>\n40 Circulos de 3cm<br \/>\n24 Circulos de 4cm<br \/>\n15 Circulos de 5cm<\/p>\n<p>Podemos recortarlos de cualquier forma. Se entrega en planchas A4, entregamos sticker separados a pedido del cliente.<\/p>\n","protected":false},"excerpt":{"rendered":"<p><span class=\"selectable-text copyable-text false\">Hechos con papel fotogr\u00e1fico autoadhesivo tama\u00f1o A4.\u00a0<\/span><\/p>\n<p>Este art\u00edculo lo hacemos personalizado, luego de hecha la compra env\u00edanos por whatsapp <span class=\"selectable-text copyable-text false\">094 966 751<\/span><span class=\"selectable-text copyable-text false\"> las indicaciones para realizar el pedido.<\/span><\/p>\n","protected":false},"featured_media":999,"template":"","meta":[],"product_brand":[],"product_cat":[21],"product_tag":[],"class_list":{"0":"post-995","1":"product","2":"type-product","3":"status-publish","4":"has-post-thumbnail","6":"product_cat-stickers","8":"first","9":"instock","10":"taxable","11":"shipping-taxable","12":"purchasable","13":"product-type-simple"},"_links":{"self":[{"href":"https:\/\/arteanimado.com.uy\/index.php?rest_route=\/wp\/v2\/product\/995","targetHints":{"allow":["GET"]}}],"collection":[{"href":"https:\/\/arteanimado.com.uy\/index.php?rest_route=\/wp\/v2\/product"}],"about":[{"href":"https:\/\/arteanimado.com.uy\/index.php?rest_route=\/wp\/v2\/types\/product"}],"wp:featuredmedia":[{"embeddable":true,"href":"https:\/\/arteanimado.com.uy\/index.php?rest_route=\/wp\/v2\/media\/999"}],"wp:attachment":[{"href":"https:\/\/arteanimado.com.uy\/index.php?rest_route=%2Fwp%2Fv2%2Fmedia&parent=995"}],"wp:term":[{"taxonomy":"product_brand","embeddable":true,"href":"https:\/\/arteanimado.com.uy\/index.php?rest_route=%2Fwp%2Fv2%2Fproduct_brand&post=995"},{"taxonomy":"product_cat","embeddable":true,"href":"https:\/\/arteanimado.com.uy\/index.php?rest_route=%2Fwp%2Fv2%2Fproduct_cat&post=995"},{"taxonomy":"product_tag","embeddable":true,"href":"https:\/\/arteanimado.com.uy\/index.php?rest_route=%2Fwp%2Fv2%2Fproduct_tag&post=995"}],"curies":[{"name":"wp","href":"https:\/\/api.w.org\/{rel}","templated":true}]}}